{"id":414,"date":"2020-09-15T06:48:51","date_gmt":"2020-09-15T06:48:51","guid":{"rendered":"https:\/\/salar-uyuni.com\/index.php\/services\/"},"modified":"2023-10-14T03:50:56","modified_gmt":"2023-10-14T03:50:56","slug":"services","status":"publish","type":"page","link":"https:\/\/salar-uyuni.com\/index.php\/services\/","title":{"rendered":"Services"},"content":{"rendered":"\n<div class=\"wp-block-uagb-container uagb-block-4866e495 alignfull uagb-is-root-container\"><div class=\"uagb-container-inner-blocks-wrap\">\n<div class=\"wp-block-uagb-advanced-heading uagb-block-3338bc30\"><h1 class=\"uagb-heading-text\">Services<\/h1><\/div>\n<\/div><\/div>\n\n\n\n<div class=\"wp-block-uagb-container uagb-block-364f2753 alignfull uagb-is-root-container\"><div class=\"uagb-container-inner-blocks-wrap\">\n<div class=\"wp-block-uagb-advanced-heading uagb-block-777d67ba\"><h2 class=\"uagb-heading-text\">Il est temps de commencer vos aventures<\/h2><div class=\"uagb-separator\"><\/div><\/div>\n\n\n\n<div class=\"wp-block-uagb-container uagb-block-1c00a681\">\n<div class=\"wp-block-uagb-container uagb-block-997bc745\">\n<div class=\"wp-block-uagb-info-box uagb-block-19997a6e uagb-infobox__content-wrap  uagb-infobox-icon-above-title uagb-infobox-image-valign-top\"><div class=\"uagb-ifb-content\"><div class=\"uagb-ifb-image-content\"><img decoding=\"async\" src=\"http:\/\/salar-uyuni.com\/wp-content\/uploads\/2023\/05\/la_route_des_joyaux_andins_20081222_1470528466.jpeg\" alt=\"\" width=\"400\" height=\"300\" loading=\"lazy\"\/><\/div><div class=\"uagb-ifb-title-wrap\"><h5 class=\"uagb-ifb-title\"><strong>Lagunes du Sud Lipez <\/strong><\/h5><\/div><p class=\"uagb-ifb-desc\">Les lagunes Colorada, Verde et Blanca sont c\u00e9l\u00e8bres pour leurs couleurs uniques et la faune qui les entoure. La Laguna Colorada abrite souvent des flamants roses.<\/p><\/div><\/div>\n<\/div>\n\n\n\n<div class=\"wp-block-uagb-container uagb-block-fe2a8b30\">\n<div class=\"wp-block-uagb-info-box uagb-block-5de8b821 uagb-infobox__content-wrap  uagb-infobox-icon-above-title uagb-infobox-image-valign-top\"><div class=\"uagb-ifb-content\"><div class=\"uagb-ifb-image-content\"><img decoding=\"async\" src=\"http:\/\/salar-uyuni.com\/wp-content\/uploads\/2023\/05\/la_route_des_joyaux_andins_20081222_1398189630.jpeg\" alt=\"\" width=\"400\" height=\"300\" loading=\"lazy\"\/><\/div><div class=\"uagb-ifb-title-wrap\"><h5 class=\"uagb-ifb-title\"><strong>Salar de Uyuni<\/strong><\/h5><\/div><p class=\"uagb-ifb-desc\"><strong> <\/strong>Les \u00eeles d&#8217;Incahuasi et Isla del Pescado sont des arr\u00eats populaires. Vous pouvez \u00e9galement explorer le cimeti\u00e8re de trains d&#8217;Uyuni.<\/p><\/div><\/div>\n<\/div>\n<\/div>\n\n\n\n<div class=\"wp-block-uagb-container uagb-block-75ffa2d3\">\n<div class=\"wp-block-uagb-container uagb-block-9435d7c9\">\n<div class=\"wp-block-uagb-info-box uagb-block-ff2736b6 uagb-infobox__content-wrap  uagb-infobox-icon-above-title uagb-infobox-image-valign-top\"><div class=\"uagb-ifb-content\"><div class=\"uagb-ifb-image-content\"><img decoding=\"async\" src=\"http:\/\/salar-uyuni.com\/wp-content\/uploads\/2023\/05\/la_route_des_joyaux_andins_20081222_1939980013.jpeg\" alt=\"\" width=\"400\" height=\"300\" loading=\"lazy\"\/><\/div><div class=\"uagb-ifb-title-wrap\"><h5 class=\"uagb-ifb-title\"><strong>Les eaux Thermales de Polques<\/strong><\/h5><\/div><p class=\"uagb-ifb-desc\"><strong> <\/strong>Vous pouvez vous d\u00e9tendre dans des sources chaudes naturelles au milieu du paysage d\u00e9sertique.<\/p><\/div><\/div>\n<\/div>\n\n\n\n<div class=\"wp-block-uagb-container uagb-block-37108aaa\">\n<div class=\"wp-block-uagb-info-box uagb-block-59a093af uagb-infobox__content-wrap  uagb-infobox-icon-above-title uagb-infobox-image-valign-top\"><div class=\"uagb-ifb-content\"><div class=\"uagb-ifb-image-content\"><img decoding=\"async\" src=\"http:\/\/salar-uyuni.com\/wp-content\/uploads\/2023\/05\/la_route_des_joyaux_andins_20081222_1662813343.jpeg\" alt=\"\" width=\"400\" height=\"300\" loading=\"lazy\"\/><\/div><div class=\"uagb-ifb-title-wrap\"><h5 class=\"uagb-ifb-title\">Pintures rupestres<\/h5><\/div><p class=\"uagb-ifb-desc\">Fuerat aestu carentem habentia spectent tonitrua mutastis locavit liberioris inistra possedit.<\/p><\/div><\/div>\n<\/div>\n<\/div>\n<\/div><\/div>\n\n\n\n<div class=\"wp-block-uagb-container uagb-block-e06d43b0 alignfull uagb-is-root-container\"><div class=\"uagb-container-inner-blocks-wrap\">\n<div class=\"wp-block-uagb-container uagb-block-6eb88cc3\">\n<div class=\"wp-block-uagb-advanced-heading uagb-block-1c67bb9c\"><h3 class=\"uagb-heading-text\">Why Outdoor Adventure<\/h3><div class=\"uagb-separator\"><\/div><p class=\"uagb-desc-text\">Lorem ipsum dolor sit amet, consectetur adipiscing elit. Ut elit tellus, luctus nec ullamcorper mattis, pulvinar dapibus leo.<\/p><\/div>\n\n\n\n<div class=\"wp-block-uagb-icon-list uagb-block-1b5474e1\"><div class=\"uagb-icon-list__wrap\">\n<div class=\"wp-block-uagb-icon-list-child uagb-block-76a02f2d\"><a target=\"_self\" aria-label=\"Experience: Locavit liberioris possedit\" rel=\"noopener noreferrer\" href=\"#\"> <\/a><span class=\"uagb-icon-list__label\"><strong><strong>Experience:<\/strong> <\/strong>Locavit liberioris possedit<\/span><\/div>\n\n\n\n<div class=\"wp-block-uagb-icon-list-child uagb-block-f4513934\"><a target=\"_self\" aria-label=\"Reputation: Diremit mundi mare undae\" rel=\"noopener noreferrer\" href=\"#\"> <\/a><span class=\"uagb-icon-list__label\"><strong><strong>Reputation:<\/strong> <\/strong>Diremit mundi mare undae<\/span><\/div>\n\n\n\n<div class=\"wp-block-uagb-icon-list-child uagb-block-595dd74a\"><a target=\"_self\" aria-label=\"Guide Experience: Spectent tonitrua mutastis\" rel=\"noopener noreferrer\" href=\"#\"> <\/a><span class=\"uagb-icon-list__label\"><strong><strong>Guide Experience:<\/strong> <\/strong>Spectent tonitrua mutastis<\/span><\/div>\n<\/div><\/div>\n<\/div>\n\n\n\n<div class=\"wp-block-uagb-container uagb-block-d2b977ef\">\n<div class=\"wp-block-uagb-advanced-heading uagb-block-e5dcc6e1\"><h3 class=\"uagb-heading-text\">What You Get<\/h3><div class=\"uagb-separator\"><\/div><p class=\"uagb-desc-text\">Lorem ipsum dolor sit amet, consectetur adipiscing elit. Ut elit tellus, luctus nec ullamcorper mattis, pulvinar dapibus leo.<\/p><\/div>\n\n\n\n<div class=\"wp-block-uagb-icon-list uagb-block-4ef69738\"><div class=\"uagb-icon-list__wrap\">\n<div class=\"wp-block-uagb-icon-list-child uagb-block-1425ec8f\"><a target=\"_self\" aria-label=\"Private Hike: Locavit liberioris possedit\" rel=\"noopener noreferrer\" href=\"#\"> <\/a><span class=\"uagb-icon-list__label\"><strong>Private Hike:<\/strong> Locavit liberioris possedit<\/span><\/div>\n\n\n\n<div class=\"wp-block-uagb-icon-list-child uagb-block-1b89ac74\"><a target=\"_self\" aria-label=\"Transportation: Diremit mundi mare undae\" rel=\"noopener noreferrer\" href=\"#\"> <\/a><span class=\"uagb-icon-list__label\"><strong>Transportation:<\/strong> Diremit mundi mare undae<\/span><\/div>\n\n\n\n<div class=\"wp-block-uagb-icon-list-child uagb-block-b27e613f\"><a target=\"_self\" aria-label=\"Great Facilities: Spectent tonitrua mutastis\" rel=\"noopener noreferrer\" href=\"#\"> <\/a><span class=\"uagb-icon-list__label\"><strong>Great Facilities:<\/strong> Spectent tonitrua mutastis<\/span><\/div>\n<\/div><\/div>\n<\/div>\n<\/div><\/div>\n","protected":false},"excerpt":{"rendered":"<p>Services Il est temps de commencer vos aventures Why Outdoor Adventure Lorem ipsum dolor sit amet, consectetur adipiscing elit. Ut elit tellus, luctus nec ullamcorper mattis, pulvinar dapibus leo. What You Get Lorem ipsum dolor sit amet, consectetur adipiscing elit. Ut elit tellus, luctus nec ullamcorper mattis, pulvinar dapibus leo.<\/p>\n","protected":false},"author":1,"featured_media":0,"parent":0,"menu_order":0,"comment_status":"closed","ping_status":"closed","template":"","meta":{"_uag_custom_page_level_css":"","site-sidebar-layout":"no-sidebar","site-content-layout":"plain-container","ast-site-content-layout":"","site-content-style":"default","site-sidebar-style":"default","ast-global-header-display":"","ast-banner-title-visibility":"","ast-main-header-display":"","ast-hfb-above-header-display":"","ast-hfb-below-header-display":"","ast-hfb-mobile-header-display":"","site-post-title":"disabled","ast-breadcrumbs-content":"","ast-featured-img":"","footer-sml-layout":"","theme-transparent-header-meta":"enabled","adv-header-id-meta":"","stick-header-meta":"","header-above-stick-meta":"","header-main-stick-meta":"","header-below-stick-meta":"","astra-migrate-meta-layouts":"","footnotes":""},"uagb_featured_image_src":{"full":false,"thumbnail":false,"medium":false,"medium_large":false,"large":false,"1536x1536":false,"2048x2048":false},"uagb_author_info":{"display_name":"aldoriveros","author_link":"https:\/\/salar-uyuni.com\/index.php\/author\/aldoriveros\/"},"uagb_comment_info":0,"uagb_excerpt":"Services Il est temps de commencer vos aventures Why Outdoor Adventure Lorem ipsum dolor sit amet, consectetur adipiscing elit. Ut elit tellus, luctus nec ullamcorper mattis, pulvinar dapibus leo. What You Get Lorem ipsum dolor sit amet, consectetur adipiscing elit. Ut elit tellus, luctus nec ullamcorper mattis, pulvinar dapibus leo.","_links":{"self":[{"href":"https:\/\/salar-uyuni.com\/index.php\/wp-json\/wp\/v2\/pages\/414"}],"collection":[{"href":"https:\/\/salar-uyuni.com\/index.php\/wp-json\/wp\/v2\/pages"}],"about":[{"href":"https:\/\/salar-uyuni.com\/index.php\/wp-json\/wp\/v2\/types\/page"}],"author":[{"embeddable":true,"href":"https:\/\/salar-uyuni.com\/index.php\/wp-json\/wp\/v2\/users\/1"}],"replies":[{"embeddable":true,"href":"https:\/\/salar-uyuni.com\/index.php\/wp-json\/wp\/v2\/comments?post=414"}],"version-history":[{"count":8,"href":"https:\/\/salar-uyuni.com\/index.php\/wp-json\/wp\/v2\/pages\/414\/revisions"}],"predecessor-version":[{"id":549,"href":"https:\/\/salar-uyuni.com\/index.php\/wp-json\/wp\/v2\/pages\/414\/revisions\/549"}],"wp:attachment":[{"href":"https:\/\/salar-uyuni.com\/index.php\/wp-json\/wp\/v2\/media?parent=414"}],"curies":[{"name":"wp","href":"https:\/\/api.w.org\/{rel}","templated":true}]}}