{"id":7,"date":"2020-09-15T06:48:39","date_gmt":"2020-09-15T06:48:39","guid":{"rendered":"https:\/\/salar-uyuni.com\/index.php\/projects\/"},"modified":"2023-10-14T04:13:27","modified_gmt":"2023-10-14T04:13:27","slug":"projects","status":"publish","type":"page","link":"https:\/\/salar-uyuni.com\/index.php\/projects\/","title":{"rendered":"Programmes"},"content":{"rendered":"\n<div class=\"wp-block-uagb-container uagb-block-014a297e alignfull uagb-is-root-container\"><div class=\"uagb-container-inner-blocks-wrap\">\n<div class=\"wp-block-uagb-advanced-heading uagb-block-fa101508\"><h1 class=\"uagb-heading-text\">nos programmes<\/h1><\/div>\n<\/div><\/div>\n\n\n\n<div class=\"wp-block-uagb-container uagb-block-712fd966 alignfull uagb-is-root-container\"><div class=\"uagb-container-inner-blocks-wrap\">\n<div class=\"wp-block-uagb-info-box uagb-block-dcf64c1d uagb-infobox__content-wrap  uagb-infobox-icon-above-title uagb-infobox-image-valign-top\"><div class=\"uagb-ifb-content\"><div class=\"uagb-ifb-title-wrap\"><span class=\"uagb-ifb-title-prefix\">Adventure<\/span><h2 class=\"uagb-ifb-title\">vtt au salar d&#8217;uyuni<\/h2><\/div><p class=\"uagb-ifb-desc\">Faire un voyage \u00e0 v\u00e9lo tout-terrain (VTT) au Salar de Uyuni, en Bolivie, peut \u00eatre une aventure incroyable et m\u00e9morable.<\/p><\/div><\/div>\n\n\n\n<div class=\"wp-block-uagb-container uagb-block-e6ee1970\">\n<div class=\"wp-block-uagb-image uagb-block-4b4095e8 wp-block-uagb-image--layout-default wp-block-uagb-image--effect-static wp-block-uagb-image--align-none\"><figure class=\"wp-block-uagb-image__figure\"><img decoding=\"async\" srcset=\"https:\/\/salar-uyuni.com\/wp-content\/uploads\/2023\/05\/IMG_0337-1-scaled.jpg ,http:\/\/salar-uyuni.com\/wp-content\/uploads\/2023\/05\/IMG_0337-1-scaled.jpg 780w, http:\/\/salar-uyuni.com\/wp-content\/uploads\/2023\/05\/IMG_0337-1-scaled.jpg 360w\" sizes=\"(max-width: 480px) 150px\" src=\"https:\/\/salar-uyuni.com\/wp-content\/uploads\/2023\/05\/IMG_0337-1-scaled.jpg\" alt=\"\" class=\"uag-image-445\" width=\"1024\" height=\"683\" title=\"\" loading=\"lazy\"\/><\/figure><\/div>\n\n\n\n<div class=\"wp-block-uagb-image uagb-block-0bc2e580 wp-block-uagb-image--layout-default wp-block-uagb-image--effect-static wp-block-uagb-image--align-none\"><figure class=\"wp-block-uagb-image__figure\"><img decoding=\"async\" srcset=\"https:\/\/salar-uyuni.com\/wp-content\/uploads\/2023\/05\/la_route_des_joyaux_andins_20081222_1066691221.jpeg ,http:\/\/salar-uyuni.com\/wp-content\/uploads\/2023\/05\/la_route_des_joyaux_andins_20081222_1066691221.jpeg 780w, http:\/\/salar-uyuni.com\/wp-content\/uploads\/2023\/05\/la_route_des_joyaux_andins_20081222_1066691221.jpeg 360w\" sizes=\"(max-width: 480px) 150px\" src=\"https:\/\/salar-uyuni.com\/wp-content\/uploads\/2023\/05\/la_route_des_joyaux_andins_20081222_1066691221.jpeg\" alt=\"\" class=\"uag-image-432\" width=\"400\" height=\"300\" title=\"\" loading=\"lazy\"\/><\/figure><\/div>\n\n\n\n<div class=\"wp-block-uagb-image uagb-block-5f25fafa wp-block-uagb-image--layout-default wp-block-uagb-image--effect-static wp-block-uagb-image--align-none\"><figure class=\"wp-block-uagb-image__figure\"><img decoding=\"async\" srcset=\"http:\/\/salar-uyuni.com\/wp-content\/uploads\/2023\/05\/la_route_des_joyaux_andins_20081222_1229118595.jpeg ,http:\/\/salar-uyuni.com\/wp-content\/uploads\/2023\/05\/la_route_des_joyaux_andins_20081222_1229118595.jpeg 780w, http:\/\/salar-uyuni.com\/wp-content\/uploads\/2023\/05\/la_route_des_joyaux_andins_20081222_1229118595.jpeg 360w\" sizes=\"(max-width: 480px) 150px\" src=\"http:\/\/salar-uyuni.com\/wp-content\/uploads\/2023\/05\/la_route_des_joyaux_andins_20081222_1229118595.jpeg\" alt=\"\" class=\"uag-image-434\" width=\"500\" height=\"540\" title=\"\" loading=\"lazy\"\/><\/figure><\/div>\n\n\n\n<div class=\"wp-block-uagb-image uagb-block-08261b90 wp-block-uagb-image--layout-default wp-block-uagb-image--effect-static wp-block-uagb-image--align-none\"><figure class=\"wp-block-uagb-image__figure\"><img decoding=\"async\" srcset=\"http:\/\/salar-uyuni.com\/wp-content\/uploads\/2023\/05\/la_route_des_joyaux_andins_20081222_1662813343.jpeg ,http:\/\/salar-uyuni.com\/wp-content\/uploads\/2023\/05\/la_route_des_joyaux_andins_20081222_1662813343.jpeg 780w, http:\/\/salar-uyuni.com\/wp-content\/uploads\/2023\/05\/la_route_des_joyaux_andins_20081222_1662813343.jpeg 360w\" sizes=\"(max-width: 480px) 150px\" src=\"http:\/\/salar-uyuni.com\/wp-content\/uploads\/2023\/05\/la_route_des_joyaux_andins_20081222_1662813343.jpeg\" alt=\"\" class=\"uag-image-438\" width=\"500\" height=\"540\" title=\"\" loading=\"lazy\"\/><\/figure><\/div>\n<\/div>\n<\/div><\/div>\n\n\n\n<div class=\"wp-block-uagb-container uagb-block-ab498f02 alignfull uagb-is-root-container\"><div class=\"uagb-container-inner-blocks-wrap\">\n<div class=\"wp-block-uagb-info-box uagb-block-584fae2c uagb-infobox__content-wrap  uagb-infobox-icon-above-title uagb-infobox-image-valign-top\"><div class=\"uagb-ifb-content\"><div class=\"uagb-ifb-title-wrap\"><span class=\"uagb-ifb-title-prefix\">D\u00e9couverte <\/span><h2 class=\"uagb-ifb-title\">salar d&#8217;uyuni et sud lipez<\/h2><\/div><p class=\"uagb-ifb-desc\">Le Salar de Uyuni et le Sud Lipez sont des r\u00e9gions spectaculaires situ\u00e9es en Bolivie, connues pour leurs paysages \u00e9poustouflants et leur beaut\u00e9 naturelle.<\/p><\/div><\/div>\n\n\n\n<div class=\"wp-block-uagb-container uagb-block-de4a398e\">\n<div class=\"wp-block-uagb-image uagb-block-d2cc9bd7 wp-block-uagb-image--layout-default wp-block-uagb-image--effect-static wp-block-uagb-image--align-none\"><figure class=\"wp-block-uagb-image__figure\"><img decoding=\"async\" srcset=\"http:\/\/salar-uyuni.com\/wp-content\/uploads\/2023\/05\/8375C21D-964B-439E-AF7C-9E4C125DC9BA-1024x685.jpeg ,http:\/\/salar-uyuni.com\/wp-content\/uploads\/2023\/05\/8375C21D-964B-439E-AF7C-9E4C125DC9BA.jpeg 780w, http:\/\/salar-uyuni.com\/wp-content\/uploads\/2023\/05\/8375C21D-964B-439E-AF7C-9E4C125DC9BA.jpeg 360w\" sizes=\"(max-width: 480px) 150px\" src=\"http:\/\/salar-uyuni.com\/wp-content\/uploads\/2023\/05\/8375C21D-964B-439E-AF7C-9E4C125DC9BA-1024x685.jpeg\" alt=\"\" class=\"uag-image-498\" width=\"1024\" height=\"685\" title=\"\" loading=\"lazy\"\/><\/figure><\/div>\n\n\n\n<div class=\"wp-block-uagb-image uagb-block-e990a354 wp-block-uagb-image--layout-default wp-block-uagb-image--effect-static wp-block-uagb-image--align-none\"><figure class=\"wp-block-uagb-image__figure\"><img decoding=\"async\" srcset=\"http:\/\/salar-uyuni.com\/wp-content\/uploads\/2023\/05\/la_route_des_joyaux_andins_20081222_1691503830.jpeg ,http:\/\/salar-uyuni.com\/wp-content\/uploads\/2023\/05\/la_route_des_joyaux_andins_20081222_1691503830.jpeg 780w, http:\/\/salar-uyuni.com\/wp-content\/uploads\/2023\/05\/la_route_des_joyaux_andins_20081222_1691503830.jpeg 360w\" sizes=\"(max-width: 480px) 150px\" src=\"http:\/\/salar-uyuni.com\/wp-content\/uploads\/2023\/05\/la_route_des_joyaux_andins_20081222_1691503830.jpeg\" alt=\"\" class=\"uag-image-433\" width=\"500\" height=\"540\" title=\"\" loading=\"lazy\"\/><\/figure><\/div>\n\n\n\n<div class=\"wp-block-uagb-image uagb-block-1d558593 wp-block-uagb-image--layout-default wp-block-uagb-image--effect-static wp-block-uagb-image--align-none\"><figure class=\"wp-block-uagb-image__figure\"><img decoding=\"async\" srcset=\"http:\/\/salar-uyuni.com\/wp-content\/uploads\/2023\/05\/la_route_des_joyaux_andins_20081222_1149122110.jpeg ,http:\/\/salar-uyuni.com\/wp-content\/uploads\/2023\/05\/la_route_des_joyaux_andins_20081222_1149122110.jpeg 780w, http:\/\/salar-uyuni.com\/wp-content\/uploads\/2023\/05\/la_route_des_joyaux_andins_20081222_1149122110.jpeg 360w\" sizes=\"(max-width: 480px) 150px\" src=\"http:\/\/salar-uyuni.com\/wp-content\/uploads\/2023\/05\/la_route_des_joyaux_andins_20081222_1149122110.jpeg\" alt=\"\" class=\"uag-image-436\" width=\"500\" height=\"540\" title=\"\" loading=\"lazy\"\/><\/figure><\/div>\n\n\n\n<div class=\"wp-block-uagb-image uagb-block-6cb60208 wp-block-uagb-image--layout-default wp-block-uagb-image--effect-static wp-block-uagb-image--align-none\"><figure class=\"wp-block-uagb-image__figure\"><img decoding=\"async\" srcset=\"http:\/\/salar-uyuni.com\/wp-content\/uploads\/2023\/05\/9C7AF956-9C88-453C-9B0F-C62B0D4EA59D-1024x768.jpeg ,http:\/\/salar-uyuni.com\/wp-content\/uploads\/2023\/05\/9C7AF956-9C88-453C-9B0F-C62B0D4EA59D.jpeg 780w, http:\/\/salar-uyuni.com\/wp-content\/uploads\/2023\/05\/9C7AF956-9C88-453C-9B0F-C62B0D4EA59D.jpeg 360w\" sizes=\"(max-width: 480px) 150px\" src=\"http:\/\/salar-uyuni.com\/wp-content\/uploads\/2023\/05\/9C7AF956-9C88-453C-9B0F-C62B0D4EA59D-1024x768.jpeg\" alt=\"\" class=\"uag-image-491\" width=\"1024\" height=\"768\" title=\"\" loading=\"lazy\"\/><\/figure><\/div>\n<\/div>\n<\/div><\/div>\n\n\n\n<div class=\"wp-block-uagb-container uagb-block-697afe89 alignfull uagb-is-root-container\"><div class=\"uagb-container-inner-blocks-wrap\">\n<div class=\"wp-block-uagb-info-box uagb-block-246c8c74 uagb-infobox__content-wrap  uagb-infobox-icon-above-title uagb-infobox-image-valign-top\"><div class=\"uagb-ifb-content\"><div class=\"uagb-ifb-title-wrap\"><span class=\"uagb-ifb-title-prefix\">Culture <\/span><h2 class=\"uagb-ifb-title\">Potosi<\/h2><\/div><p class=\"uagb-ifb-desc\">La r\u00e9gion de Potos\u00ed \u00e9tait habit\u00e9e par des peuples autochtones bien avant l&#8217;arriv\u00e9e des Espagnols. Les civilisations pr\u00e9colombiennes, telles que les Quechuas et les Aymaras, avaient \u00e9tabli des communaut\u00e9s dans la r\u00e9gion et exploitaient d\u00e9j\u00e0 des gisements d&#8217;argent.<\/p><\/div><\/div>\n\n\n\n<div class=\"wp-block-uagb-container uagb-block-670da0ec\">\n<div class=\"wp-block-uagb-image uagb-block-5f1ff158 wp-block-uagb-image--layout-default wp-block-uagb-image--effect-static wp-block-uagb-image--align-none\"><figure class=\"wp-block-uagb-image__figure\"><img decoding=\"async\" srcset=\"http:\/\/salar-uyuni.com\/wp-content\/uploads\/2023\/05\/DF52D80B-DD90-4914-A814-3E6C698E0F96-1024x685.jpeg ,http:\/\/salar-uyuni.com\/wp-content\/uploads\/2023\/05\/DF52D80B-DD90-4914-A814-3E6C698E0F96.jpeg 780w, http:\/\/salar-uyuni.com\/wp-content\/uploads\/2023\/05\/DF52D80B-DD90-4914-A814-3E6C698E0F96.jpeg 360w\" sizes=\"(max-width: 480px) 150px\" src=\"http:\/\/salar-uyuni.com\/wp-content\/uploads\/2023\/05\/DF52D80B-DD90-4914-A814-3E6C698E0F96-1024x685.jpeg\" alt=\"\" class=\"uag-image-488\" width=\"1024\" height=\"685\" title=\"\" loading=\"lazy\"\/><\/figure><\/div>\n\n\n\n<div class=\"wp-block-group is-layout-constrained wp-block-group-is-layout-constrained\">\n<div class=\"wp-block-uagb-image uagb-block-77c07b94 wp-block-uagb-image--layout-default wp-block-uagb-image--effect-static wp-block-uagb-image--align-none\"><figure class=\"wp-block-uagb-image__figure\"><img decoding=\"async\" srcset=\"https:\/\/salar-uyuni.com\/wp-content\/uploads\/2023\/05\/E9FDF2AD-630D-4CB9-AC65-A54BFF14D464-1024x683.jpeg ,http:\/\/salar-uyuni.com\/wp-content\/uploads\/2023\/05\/E9FDF2AD-630D-4CB9-AC65-A54BFF14D464.jpeg 780w, http:\/\/salar-uyuni.com\/wp-content\/uploads\/2023\/05\/E9FDF2AD-630D-4CB9-AC65-A54BFF14D464.jpeg 360w\" sizes=\"(max-width: 480px) 150px\" src=\"https:\/\/salar-uyuni.com\/wp-content\/uploads\/2023\/05\/E9FDF2AD-630D-4CB9-AC65-A54BFF14D464-1024x683.jpeg\" alt=\"\" class=\"uag-image-500\" width=\"1024\" height=\"683\" title=\"\" loading=\"lazy\"\/><\/figure><\/div>\n<\/div>\n\n\n\n<div class=\"wp-block-uagb-image uagb-block-c7693df6 wp-block-uagb-image--layout-default wp-block-uagb-image--effect-static wp-block-uagb-image--align-none\"><figure class=\"wp-block-uagb-image__figure\"><img decoding=\"async\" srcset=\"http:\/\/salar-uyuni.com\/wp-content\/uploads\/2023\/05\/1DA82861-6626-4281-83FE-2C3CBFA16BD1-1024x683.jpeg ,http:\/\/salar-uyuni.com\/wp-content\/uploads\/2023\/05\/1DA82861-6626-4281-83FE-2C3CBFA16BD1.jpeg 780w, http:\/\/salar-uyuni.com\/wp-content\/uploads\/2023\/05\/1DA82861-6626-4281-83FE-2C3CBFA16BD1.jpeg 360w\" sizes=\"(max-width: 480px) 150px\" src=\"http:\/\/salar-uyuni.com\/wp-content\/uploads\/2023\/05\/1DA82861-6626-4281-83FE-2C3CBFA16BD1-1024x683.jpeg\" alt=\"\" class=\"uag-image-502\" width=\"1024\" height=\"683\" title=\"\" loading=\"lazy\"\/><\/figure><\/div>\n\n\n\n<div class=\"wp-block-uagb-image uagb-block-7933f459 wp-block-uagb-image--layout-default wp-block-uagb-image--effect-static wp-block-uagb-image--align-none\"><figure class=\"wp-block-uagb-image__figure\"><img decoding=\"async\" srcset=\"http:\/\/salar-uyuni.com\/wp-content\/uploads\/2023\/05\/4E907A31-E347-4EB7-96C4-973FEC404CFB-1024x685.jpeg ,http:\/\/salar-uyuni.com\/wp-content\/uploads\/2023\/05\/4E907A31-E347-4EB7-96C4-973FEC404CFB.jpeg 780w, http:\/\/salar-uyuni.com\/wp-content\/uploads\/2023\/05\/4E907A31-E347-4EB7-96C4-973FEC404CFB.jpeg 360w\" sizes=\"(max-width: 480px) 150px\" src=\"http:\/\/salar-uyuni.com\/wp-content\/uploads\/2023\/05\/4E907A31-E347-4EB7-96C4-973FEC404CFB-1024x685.jpeg\" alt=\"\" class=\"uag-image-490\" width=\"1024\" height=\"685\" title=\"\" loading=\"lazy\"\/><\/figure><\/div>\n<\/div>\n<\/div><\/div>\n","protected":false},"excerpt":{"rendered":"<p>nos programmes<\/p>\n","protected":false},"author":1,"featured_media":0,"parent":0,"menu_order":0,"comment_status":"closed","ping_status":"closed","template":"","meta":{"_uag_custom_page_level_css":"","site-sidebar-layout":"no-sidebar","site-content-layout":"plain-container","ast-site-content-layout":"","site-content-style":"default","site-sidebar-style":"default","ast-global-header-display":"","ast-banner-title-visibility":"","ast-main-header-display":"","ast-hfb-above-header-display":"","ast-hfb-below-header-display":"","ast-hfb-mobile-header-display":"","site-post-title":"disabled","ast-breadcrumbs-content":"","ast-featured-img":"","footer-sml-layout":"","theme-transparent-header-meta":"enabled","adv-header-id-meta":"","stick-header-meta":"","header-above-stick-meta":"","header-main-stick-meta":"","header-below-stick-meta":"","astra-migrate-meta-layouts":"","footnotes":""},"uagb_featured_image_src":{"full":false,"thumbnail":false,"medium":false,"medium_large":false,"large":false,"1536x1536":false,"2048x2048":false},"uagb_author_info":{"display_name":"aldoriveros","author_link":"https:\/\/salar-uyuni.com\/index.php\/author\/aldoriveros\/"},"uagb_comment_info":0,"uagb_excerpt":"nos programmes","_links":{"self":[{"href":"https:\/\/salar-uyuni.com\/index.php\/wp-json\/wp\/v2\/pages\/7"}],"collection":[{"href":"https:\/\/salar-uyuni.com\/index.php\/wp-json\/wp\/v2\/pages"}],"about":[{"href":"https:\/\/salar-uyuni.com\/index.php\/wp-json\/wp\/v2\/types\/page"}],"author":[{"embeddable":true,"href":"https:\/\/salar-uyuni.com\/index.php\/wp-json\/wp\/v2\/users\/1"}],"replies":[{"embeddable":true,"href":"https:\/\/salar-uyuni.com\/index.php\/wp-json\/wp\/v2\/comments?post=7"}],"version-history":[{"count":17,"href":"https:\/\/salar-uyuni.com\/index.php\/wp-json\/wp\/v2\/pages\/7\/revisions"}],"predecessor-version":[{"id":559,"href":"https:\/\/salar-uyuni.com\/index.php\/wp-json\/wp\/v2\/pages\/7\/revisions\/559"}],"wp:attachment":[{"href":"https:\/\/salar-uyuni.com\/index.php\/wp-json\/wp\/v2\/media?parent=7"}],"curies":[{"name":"wp","href":"https:\/\/api.w.org\/{rel}","templated":true}]}}